{"id":35,"date":"2023-02-21T15:47:52","date_gmt":"2023-02-21T15:47:52","guid":{"rendered":"http:\/\/basenbeachbar.local\/?page_id=35"},"modified":"2025-09-17T00:20:42","modified_gmt":"2025-09-16T22:20:42","slug":"kontakt","status":"publish","type":"page","link":"https:\/\/www.basenbeachbar.com\/uk\/basen-beach-bar-wroclaw\/kontakt\/","title":{"rendered":"\u041a\u043e\u043d\u0442\u0430\u043a\u0442\u0438"},"content":{"rendered":"","protected":false},"excerpt":{"rendered":"","protected":false},"author":1,"featured_media":115,"parent":454,"menu_order":0,"comment_status":"closed","ping_status":"closed","template":"","meta":{"footnotes":""},"class_list":["post-35","page","type-page","status-publish","has-post-thumbnail","hentry"],"yoast_head":"<!-- This site is optimized with the Yoast SEO Premium plugin v20.7 (Yoast SEO v25.9) - https:\/\/yoast.com\/wordpress\/plugins\/seo\/ -->\n<title>Kontakt &#8226; Basen Beach Bar - Bar i restauracja nad Odr\u0105 we Wroc\u0142awiu<\/title>\n<meta name=\"description\" content=\"Sp\u0119d\u017a z nami wyj\u0105tkowe chwile \u2013 urodziny, spotkanie firmowe, przyjacielskie czy wiecz\u00f3r panie\u0144ski b\u0105d\u017a kawalerski i inne. Do ka\u017cdego go\u015bcia podchodzimy indywidualnie, ka\u017cda oferta jest personalizowana, aby spe\u0142ni\u0107 nawet najbardziej wymagaj\u0105ce zlecenia. Pomagamy w doborze menu, atrakcji dodatkowych oraz wizualnych.\" \/>\n<meta name=\"robots\" content=\"index, follow, max-snippet:-1, max-image-preview:large, max-video-preview:-1\" \/>\n<link rel=\"canonical\" href=\"https:\/\/www.basenbeachbar.com\/uk\/basen-beach-bar-wroclaw\/kontakt\/\" \/>\n<meta property=\"og:locale\" content=\"uk_UA\" \/>\n<meta property=\"og:type\" content=\"article\" \/>\n<meta property=\"og:title\" content=\"Kontakt\" \/>\n<meta property=\"og:description\" content=\"Sp\u0119d\u017a z nami wyj\u0105tkowe chwile \u2013 urodziny, spotkanie firmowe, przyjacielskie czy wiecz\u00f3r panie\u0144ski b\u0105d\u017a kawalerski i inne. Do ka\u017cdego go\u015bcia podchodzimy indywidualnie, ka\u017cda oferta jest personalizowana, aby spe\u0142ni\u0107 nawet najbardziej wymagaj\u0105ce zlecenia. Pomagamy w doborze menu, atrakcji dodatkowych oraz wizualnych.\" \/>\n<meta property=\"og:url\" content=\"https:\/\/www.basenbeachbar.com\/uk\/basen-beach-bar-wroclaw\/kontakt\/\" \/>\n<meta property=\"og:site_name\" content=\"Basen Beach Bar - Bar i restauracja nad Odr\u0105 we Wroc\u0142awiu\" \/>\n<meta property=\"article:publisher\" content=\"https:\/\/www.facebook.com\/BASENBeachBar\/\" \/>\n<meta property=\"article:modified_time\" content=\"2025-09-16T22:20:42+00:00\" \/>\n<meta property=\"og:image\" content=\"http:\/\/www.basenbeachbar.com\/wp-content\/uploads\/2023\/03\/216815258_1522664141459491_8826866707662982884_n-e1679401926928.jpg\" \/>\n\t<meta property=\"og:image:width\" content=\"1440\" \/>\n\t<meta property=\"og:image:height\" content=\"1440\" \/>\n\t<meta property=\"og:image:type\" content=\"image\/jpeg\" \/>\n<meta name=\"twitter:card\" content=\"summary_large_image\" \/>\n<script type=\"application\/ld+json\" class=\"yoast-schema-graph\">{\"@context\":\"https:\/\/schema.org\",\"@graph\":[{\"@type\":\"WebPage\",\"@id\":\"https:\/\/www.basenbeachbar.com\/basen-beach-bar-wroclaw\/kontakt\/\",\"url\":\"https:\/\/www.basenbeachbar.com\/basen-beach-bar-wroclaw\/kontakt\/\",\"name\":\"Kontakt &#8226; Basen Beach Bar - Bar i restauracja nad Odr\u0105 we Wroc\u0142awiu\",\"isPartOf\":{\"@id\":\"https:\/\/www.basenbeachbar.com\/#website\"},\"primaryImageOfPage\":{\"@id\":\"https:\/\/www.basenbeachbar.com\/basen-beach-bar-wroclaw\/kontakt\/#primaryimage\"},\"image\":{\"@id\":\"https:\/\/www.basenbeachbar.com\/basen-beach-bar-wroclaw\/kontakt\/#primaryimage\"},\"thumbnailUrl\":\"https:\/\/www.basenbeachbar.com\/wp-content\/uploads\/2023\/03\/216815258_1522664141459491_8826866707662982884_n-e1679401926928.jpg\",\"datePublished\":\"2023-02-21T15:47:52+00:00\",\"dateModified\":\"2025-09-16T22:20:42+00:00\",\"description\":\"Sp\u0119d\u017a z nami wyj\u0105tkowe chwile \u2013 urodziny, spotkanie firmowe, przyjacielskie czy wiecz\u00f3r panie\u0144ski b\u0105d\u017a kawalerski i inne. Do ka\u017cdego go\u015bcia podchodzimy indywidualnie, ka\u017cda oferta jest personalizowana, aby spe\u0142ni\u0107 nawet najbardziej wymagaj\u0105ce zlecenia. Pomagamy w doborze menu, atrakcji dodatkowych oraz wizualnych.\",\"breadcrumb\":{\"@id\":\"https:\/\/www.basenbeachbar.com\/basen-beach-bar-wroclaw\/kontakt\/#breadcrumb\"},\"inLanguage\":\"uk\",\"potentialAction\":[{\"@type\":\"ReadAction\",\"target\":[\"https:\/\/www.basenbeachbar.com\/basen-beach-bar-wroclaw\/kontakt\/\"]}]},{\"@type\":\"ImageObject\",\"inLanguage\":\"uk\",\"@id\":\"https:\/\/www.basenbeachbar.com\/basen-beach-bar-wroclaw\/kontakt\/#primaryimage\",\"url\":\"https:\/\/www.basenbeachbar.com\/wp-content\/uploads\/2023\/03\/216815258_1522664141459491_8826866707662982884_n-e1679401926928.jpg\",\"contentUrl\":\"https:\/\/www.basenbeachbar.com\/wp-content\/uploads\/2023\/03\/216815258_1522664141459491_8826866707662982884_n-e1679401926928.jpg\",\"width\":1440,\"height\":1440},{\"@type\":\"BreadcrumbList\",\"@id\":\"https:\/\/www.basenbeachbar.com\/basen-beach-bar-wroclaw\/kontakt\/#breadcrumb\",\"itemListElement\":[{\"@type\":\"ListItem\",\"position\":1,\"name\":\"Strona g\u0142\u00f3wna\",\"item\":\"https:\/\/www.basenbeachbar.com\/\"},{\"@type\":\"ListItem\",\"position\":2,\"name\":\"Basen Beach Bar Wroc\u0142aw\",\"item\":\"https:\/\/www.basenbeachbar.com\/\"},{\"@type\":\"ListItem\",\"position\":3,\"name\":\"Kontakt\"}]},{\"@type\":\"WebSite\",\"@id\":\"https:\/\/www.basenbeachbar.com\/#website\",\"url\":\"https:\/\/www.basenbeachbar.com\/\",\"name\":\"Basen Beach Bar - Bar i restauracja nad Odr\u0105 we Wroc\u0142awiu\",\"description\":\"Beach Bar nad Odr\u0105 we Wroc\u0142awiu\",\"publisher\":{\"@id\":\"https:\/\/www.basenbeachbar.com\/#organization\"},\"alternateName\":\"Basen Beach Bar - Bar nad Odr\u0105\",\"potentialAction\":[{\"@type\":\"SearchAction\",\"target\":{\"@type\":\"EntryPoint\",\"urlTemplate\":\"https:\/\/www.basenbeachbar.com\/?s={search_term_string}\"},\"query-input\":{\"@type\":\"PropertyValueSpecification\",\"valueRequired\":true,\"valueName\":\"search_term_string\"}}],\"inLanguage\":\"uk\"},{\"@type\":\"Organization\",\"@id\":\"https:\/\/www.basenbeachbar.com\/#organization\",\"name\":\"Basen Beach Bar\",\"url\":\"https:\/\/www.basenbeachbar.com\/\",\"logo\":{\"@type\":\"ImageObject\",\"inLanguage\":\"uk\",\"@id\":\"https:\/\/www.basenbeachbar.com\/#\/schema\/logo\/image\/\",\"url\":\"http:\/\/www.basenbeachbar.com\/wp-content\/uploads\/2023\/04\/cropped-basen_logo_rose.png\",\"contentUrl\":\"http:\/\/www.basenbeachbar.com\/wp-content\/uploads\/2023\/04\/cropped-basen_logo_rose.png\",\"width\":512,\"height\":512,\"caption\":\"Basen Beach Bar\"},\"image\":{\"@id\":\"https:\/\/www.basenbeachbar.com\/#\/schema\/logo\/image\/\"},\"sameAs\":[\"https:\/\/www.facebook.com\/BASENBeachBar\/\",\"https:\/\/www.instagram.com\/basenbeachbar\/\"]}]}<\/script>\n<!-- \/ Yoast SEO Premium plugin. -->","yoast_head_json":{"title":"Kontakt &#8226; Basen Beach Bar - Bar i restauracja nad Odr\u0105 we Wroc\u0142awiu","description":"Sp\u0119d\u017a z nami wyj\u0105tkowe chwile \u2013 urodziny, spotkanie firmowe, przyjacielskie czy wiecz\u00f3r panie\u0144ski b\u0105d\u017a kawalerski i inne. Do ka\u017cdego go\u015bcia podchodzimy indywidualnie, ka\u017cda oferta jest personalizowana, aby spe\u0142ni\u0107 nawet najbardziej wymagaj\u0105ce zlecenia. Pomagamy w doborze menu, atrakcji dodatkowych oraz wizualnych.","robots":{"index":"index","follow":"follow","max-snippet":"max-snippet:-1","max-image-preview":"max-image-preview:large","max-video-preview":"max-video-preview:-1"},"canonical":"https:\/\/www.basenbeachbar.com\/uk\/basen-beach-bar-wroclaw\/kontakt\/","og_locale":"uk_UA","og_type":"article","og_title":"Kontakt","og_description":"Sp\u0119d\u017a z nami wyj\u0105tkowe chwile \u2013 urodziny, spotkanie firmowe, przyjacielskie czy wiecz\u00f3r panie\u0144ski b\u0105d\u017a kawalerski i inne. Do ka\u017cdego go\u015bcia podchodzimy indywidualnie, ka\u017cda oferta jest personalizowana, aby spe\u0142ni\u0107 nawet najbardziej wymagaj\u0105ce zlecenia. Pomagamy w doborze menu, atrakcji dodatkowych oraz wizualnych.","og_url":"https:\/\/www.basenbeachbar.com\/uk\/basen-beach-bar-wroclaw\/kontakt\/","og_site_name":"Basen Beach Bar - Bar i restauracja nad Odr\u0105 we Wroc\u0142awiu","article_publisher":"https:\/\/www.facebook.com\/BASENBeachBar\/","article_modified_time":"2025-09-16T22:20:42+00:00","og_image":[{"width":1440,"height":1440,"url":"http:\/\/www.basenbeachbar.com\/wp-content\/uploads\/2023\/03\/216815258_1522664141459491_8826866707662982884_n-e1679401926928.jpg","type":"image\/jpeg"}],"twitter_card":"summary_large_image","schema":{"@context":"https:\/\/schema.org","@graph":[{"@type":"WebPage","@id":"https:\/\/www.basenbeachbar.com\/basen-beach-bar-wroclaw\/kontakt\/","url":"https:\/\/www.basenbeachbar.com\/basen-beach-bar-wroclaw\/kontakt\/","name":"Kontakt &#8226; Basen Beach Bar - Bar i restauracja nad Odr\u0105 we Wroc\u0142awiu","isPartOf":{"@id":"https:\/\/www.basenbeachbar.com\/#website"},"primaryImageOfPage":{"@id":"https:\/\/www.basenbeachbar.com\/basen-beach-bar-wroclaw\/kontakt\/#primaryimage"},"image":{"@id":"https:\/\/www.basenbeachbar.com\/basen-beach-bar-wroclaw\/kontakt\/#primaryimage"},"thumbnailUrl":"https:\/\/www.basenbeachbar.com\/wp-content\/uploads\/2023\/03\/216815258_1522664141459491_8826866707662982884_n-e1679401926928.jpg","datePublished":"2023-02-21T15:47:52+00:00","dateModified":"2025-09-16T22:20:42+00:00","description":"Sp\u0119d\u017a z nami wyj\u0105tkowe chwile \u2013 urodziny, spotkanie firmowe, przyjacielskie czy wiecz\u00f3r panie\u0144ski b\u0105d\u017a kawalerski i inne. Do ka\u017cdego go\u015bcia podchodzimy indywidualnie, ka\u017cda oferta jest personalizowana, aby spe\u0142ni\u0107 nawet najbardziej wymagaj\u0105ce zlecenia. Pomagamy w doborze menu, atrakcji dodatkowych oraz wizualnych.","breadcrumb":{"@id":"https:\/\/www.basenbeachbar.com\/basen-beach-bar-wroclaw\/kontakt\/#breadcrumb"},"inLanguage":"uk","potentialAction":[{"@type":"ReadAction","target":["https:\/\/www.basenbeachbar.com\/basen-beach-bar-wroclaw\/kontakt\/"]}]},{"@type":"ImageObject","inLanguage":"uk","@id":"https:\/\/www.basenbeachbar.com\/basen-beach-bar-wroclaw\/kontakt\/#primaryimage","url":"https:\/\/www.basenbeachbar.com\/wp-content\/uploads\/2023\/03\/216815258_1522664141459491_8826866707662982884_n-e1679401926928.jpg","contentUrl":"https:\/\/www.basenbeachbar.com\/wp-content\/uploads\/2023\/03\/216815258_1522664141459491_8826866707662982884_n-e1679401926928.jpg","width":1440,"height":1440},{"@type":"BreadcrumbList","@id":"https:\/\/www.basenbeachbar.com\/basen-beach-bar-wroclaw\/kontakt\/#breadcrumb","itemListElement":[{"@type":"ListItem","position":1,"name":"Strona g\u0142\u00f3wna","item":"https:\/\/www.basenbeachbar.com\/"},{"@type":"ListItem","position":2,"name":"Basen Beach Bar Wroc\u0142aw","item":"https:\/\/www.basenbeachbar.com\/"},{"@type":"ListItem","position":3,"name":"Kontakt"}]},{"@type":"WebSite","@id":"https:\/\/www.basenbeachbar.com\/#website","url":"https:\/\/www.basenbeachbar.com\/","name":"Basen Beach Bar - \u0431\u0430\u0440 \u0456 \u0440\u0435\u0441\u0442\u043e\u0440\u0430\u043d \u043d\u0430 \u0431\u0435\u0440\u0435\u0437\u0456 \u0440\u0456\u0447\u043a\u0438 \u041e\u0434\u0435\u0440 \u0443 \u0412\u0440\u043e\u0446\u043b\u0430\u0432\u0456","description":"\u041f\u043b\u044f\u0436\u043d\u0438\u0439 \u0431\u0430\u0440 \u043d\u0430 \u0440\u0456\u0447\u0446\u0456 \u041e\u0434\u0435\u0440 \u0443 \u0412\u0440\u043e\u0446\u043b\u0430\u0432\u0456","publisher":{"@id":"https:\/\/www.basenbeachbar.com\/#organization"},"alternateName":"Basen Beach Bar - Bar nad Odr\u0105","potentialAction":[{"@type":"SearchAction","target":{"@type":"EntryPoint","urlTemplate":"https:\/\/www.basenbeachbar.com\/?s={search_term_string}"},"query-input":{"@type":"PropertyValueSpecification","valueRequired":true,"valueName":"search_term_string"}}],"inLanguage":"uk"},{"@type":"Organization","@id":"https:\/\/www.basenbeachbar.com\/#organization","name":"Basen Beach Bar","url":"https:\/\/www.basenbeachbar.com\/","logo":{"@type":"ImageObject","inLanguage":"uk","@id":"https:\/\/www.basenbeachbar.com\/#\/schema\/logo\/image\/","url":"http:\/\/www.basenbeachbar.com\/wp-content\/uploads\/2023\/04\/cropped-basen_logo_rose.png","contentUrl":"http:\/\/www.basenbeachbar.com\/wp-content\/uploads\/2023\/04\/cropped-basen_logo_rose.png","width":512,"height":512,"caption":"Basen Beach Bar"},"image":{"@id":"https:\/\/www.basenbeachbar.com\/#\/schema\/logo\/image\/"},"sameAs":["https:\/\/www.facebook.com\/BASENBeachBar\/","https:\/\/www.instagram.com\/basenbeachbar\/"]}]}},"_links":{"self":[{"href":"https:\/\/www.basenbeachbar.com\/uk\/wp-json\/wp\/v2\/pages\/35","targetHints":{"allow":["GET"]}}],"collection":[{"href":"https:\/\/www.basenbeachbar.com\/uk\/wp-json\/wp\/v2\/pages"}],"about":[{"href":"https:\/\/www.basenbeachbar.com\/uk\/wp-json\/wp\/v2\/types\/page"}],"author":[{"embeddable":true,"href":"https:\/\/www.basenbeachbar.com\/uk\/wp-json\/wp\/v2\/users\/1"}],"replies":[{"embeddable":true,"href":"https:\/\/www.basenbeachbar.com\/uk\/wp-json\/wp\/v2\/comments?post=35"}],"version-history":[{"count":0,"href":"https:\/\/www.basenbeachbar.com\/uk\/wp-json\/wp\/v2\/pages\/35\/revisions"}],"up":[{"embeddable":true,"href":"https:\/\/www.basenbeachbar.com\/uk\/wp-json\/wp\/v2\/pages\/454"}],"wp:featuredmedia":[{"embeddable":true,"href":"https:\/\/www.basenbeachbar.com\/uk\/wp-json\/wp\/v2\/media\/115"}],"wp:attachment":[{"href":"https:\/\/www.basenbeachbar.com\/uk\/wp-json\/wp\/v2\/media?parent=35"}],"curies":[{"name":"wp","href":"https:\/\/api.w.org\/{rel}","templated":true}]}}