{"id":27,"date":"2023-02-21T15:46:06","date_gmt":"2023-02-21T15:46:06","guid":{"rendered":"http:\/\/basenbeachbar.local\/?page_id=27"},"modified":"2023-06-20T10:04:50","modified_gmt":"2023-06-20T10:04:50","slug":"menu","status":"publish","type":"page","link":"https:\/\/www.basenbeachbar.com\/es\/menu\/","title":{"rendered":"Men\u00fa"},"content":{"rendered":"","protected":false},"excerpt":{"rendered":"","protected":false},"author":1,"featured_media":0,"parent":0,"menu_order":0,"comment_status":"closed","ping_status":"closed","template":"","meta":{"footnotes":""},"class_list":["post-27","page","type-page","status-publish","hentry"],"yoast_head":"<!-- This site is optimized with the Yoast SEO Premium plugin v20.7 (Yoast SEO v25.9) - https:\/\/yoast.com\/wordpress\/plugins\/seo\/ -->\n<title>Menu &#8226; Basen Beach Bar - Bar i restauracja nad Odr\u0105 we Wroc\u0142awiu<\/title>\n<meta name=\"description\" content=\"Odkryj wyj\u0105tkowy basenowy beach bar przy urokliwej Odrze, gdzie smaki spotykaj\u0105 si\u0119, aby tworzy\u0107 harmoni\u0119. Nasze menu zachwyca r\u00f3\u017cnorodno\u015bci\u0105 potraw fusion, \u0142\u0105cz\u0105cych wp\u0142ywy kulinarnych tradycji z ca\u0142ego \u015bwiata. Przygotuj si\u0119 na eksplozj\u0119 smak\u00f3w! Oferujemy r\u00f3wnie\u017c kolorowe i kreatywne drinki, kt\u00f3re podbij\u0105 Twoje podniebienie. Rozkoszuj si\u0119 niezwyk\u0142\u0105 atmosfer\u0105, przyjaznym otoczeniem i pi\u0119knymi widokami. Przyjd\u017a do naszego beach baru przy i do\u015bwiadcz niezapomnianej podr\u00f3\u017cy kulinarnej. Rezerwuj miejsce ju\u017c teraz!\" \/>\n<meta name=\"robots\" content=\"index, follow, max-snippet:-1, max-image-preview:large, max-video-preview:-1\" \/>\n<link rel=\"canonical\" href=\"https:\/\/www.basenbeachbar.com\/es\/menu\/\" \/>\n<meta property=\"og:locale\" content=\"es_ES\" \/>\n<meta property=\"og:type\" content=\"article\" \/>\n<meta property=\"og:title\" content=\"Menu\" \/>\n<meta property=\"og:description\" content=\"Odkryj wyj\u0105tkowy basenowy beach bar przy urokliwej Odrze, gdzie smaki spotykaj\u0105 si\u0119, aby tworzy\u0107 harmoni\u0119. Nasze menu zachwyca r\u00f3\u017cnorodno\u015bci\u0105 potraw fusion, \u0142\u0105cz\u0105cych wp\u0142ywy kulinarnych tradycji z ca\u0142ego \u015bwiata. Przygotuj si\u0119 na eksplozj\u0119 smak\u00f3w! Oferujemy r\u00f3wnie\u017c kolorowe i kreatywne drinki, kt\u00f3re podbij\u0105 Twoje podniebienie. Rozkoszuj si\u0119 niezwyk\u0142\u0105 atmosfer\u0105, przyjaznym otoczeniem i pi\u0119knymi widokami. Przyjd\u017a do naszego beach baru przy i do\u015bwiadcz niezapomnianej podr\u00f3\u017cy kulinarnej. Rezerwuj miejsce ju\u017c teraz!\" \/>\n<meta property=\"og:url\" content=\"https:\/\/www.basenbeachbar.com\/es\/menu\/\" \/>\n<meta property=\"og:site_name\" content=\"Basen Beach Bar - Bar i restauracja nad Odr\u0105 we Wroc\u0142awiu\" \/>\n<meta property=\"article:publisher\" content=\"https:\/\/www.facebook.com\/BASENBeachBar\/\" \/>\n<meta property=\"article:modified_time\" content=\"2023-06-20T10:04:50+00:00\" \/>\n<meta property=\"og:image\" content=\"https:\/\/www.basenbeachbar.com\/wp-content\/uploads\/2023\/05\/screen-strony-www-1024x565.png\" \/>\n\t<meta property=\"og:image:width\" content=\"1024\" \/>\n\t<meta property=\"og:image:height\" content=\"565\" \/>\n\t<meta property=\"og:image:type\" content=\"image\/png\" \/>\n<meta name=\"twitter:card\" content=\"summary_large_image\" \/>\n<script type=\"application\/ld+json\" class=\"yoast-schema-graph\">{\"@context\":\"https:\/\/schema.org\",\"@graph\":[{\"@type\":\"WebPage\",\"@id\":\"https:\/\/www.basenbeachbar.com\/menu\/\",\"url\":\"https:\/\/www.basenbeachbar.com\/menu\/\",\"name\":\"Menu &#8226; Basen Beach Bar - Bar i restauracja nad Odr\u0105 we Wroc\u0142awiu\",\"isPartOf\":{\"@id\":\"https:\/\/www.basenbeachbar.com\/#website\"},\"datePublished\":\"2023-02-21T15:46:06+00:00\",\"dateModified\":\"2023-06-20T10:04:50+00:00\",\"description\":\"Odkryj wyj\u0105tkowy basenowy beach bar przy urokliwej Odrze, gdzie smaki spotykaj\u0105 si\u0119, aby tworzy\u0107 harmoni\u0119. Nasze menu zachwyca r\u00f3\u017cnorodno\u015bci\u0105 potraw fusion, \u0142\u0105cz\u0105cych wp\u0142ywy kulinarnych tradycji z ca\u0142ego \u015bwiata. Przygotuj si\u0119 na eksplozj\u0119 smak\u00f3w! Oferujemy r\u00f3wnie\u017c kolorowe i kreatywne drinki, kt\u00f3re podbij\u0105 Twoje podniebienie. Rozkoszuj si\u0119 niezwyk\u0142\u0105 atmosfer\u0105, przyjaznym otoczeniem i pi\u0119knymi widokami. Przyjd\u017a do naszego beach baru przy i do\u015bwiadcz niezapomnianej podr\u00f3\u017cy kulinarnej. Rezerwuj miejsce ju\u017c teraz!\",\"breadcrumb\":{\"@id\":\"https:\/\/www.basenbeachbar.com\/menu\/#breadcrumb\"},\"inLanguage\":\"es\",\"potentialAction\":[{\"@type\":\"ReadAction\",\"target\":[\"https:\/\/www.basenbeachbar.com\/menu\/\"]}]},{\"@type\":\"BreadcrumbList\",\"@id\":\"https:\/\/www.basenbeachbar.com\/menu\/#breadcrumb\",\"itemListElement\":[{\"@type\":\"ListItem\",\"position\":1,\"name\":\"Strona g\u0142\u00f3wna\",\"item\":\"https:\/\/www.basenbeachbar.com\/\"},{\"@type\":\"ListItem\",\"position\":2,\"name\":\"Menu\"}]},{\"@type\":\"WebSite\",\"@id\":\"https:\/\/www.basenbeachbar.com\/#website\",\"url\":\"https:\/\/www.basenbeachbar.com\/\",\"name\":\"Basen Beach Bar - Bar i restauracja nad Odr\u0105 we Wroc\u0142awiu\",\"description\":\"Beach Bar nad Odr\u0105 we Wroc\u0142awiu\",\"publisher\":{\"@id\":\"https:\/\/www.basenbeachbar.com\/#organization\"},\"alternateName\":\"Basen Beach Bar - Bar nad Odr\u0105\",\"potentialAction\":[{\"@type\":\"SearchAction\",\"target\":{\"@type\":\"EntryPoint\",\"urlTemplate\":\"https:\/\/www.basenbeachbar.com\/?s={search_term_string}\"},\"query-input\":{\"@type\":\"PropertyValueSpecification\",\"valueRequired\":true,\"valueName\":\"search_term_string\"}}],\"inLanguage\":\"es\"},{\"@type\":\"Organization\",\"@id\":\"https:\/\/www.basenbeachbar.com\/#organization\",\"name\":\"Basen Beach Bar\",\"url\":\"https:\/\/www.basenbeachbar.com\/\",\"logo\":{\"@type\":\"ImageObject\",\"inLanguage\":\"es\",\"@id\":\"https:\/\/www.basenbeachbar.com\/#\/schema\/logo\/image\/\",\"url\":\"http:\/\/www.basenbeachbar.com\/wp-content\/uploads\/2023\/04\/cropped-basen_logo_rose.png\",\"contentUrl\":\"http:\/\/www.basenbeachbar.com\/wp-content\/uploads\/2023\/04\/cropped-basen_logo_rose.png\",\"width\":512,\"height\":512,\"caption\":\"Basen Beach Bar\"},\"image\":{\"@id\":\"https:\/\/www.basenbeachbar.com\/#\/schema\/logo\/image\/\"},\"sameAs\":[\"https:\/\/www.facebook.com\/BASENBeachBar\/\",\"https:\/\/www.instagram.com\/basenbeachbar\/\"]}]}<\/script>\n<!-- \/ Yoast SEO Premium plugin. -->","yoast_head_json":{"title":"Menu &#8226; Basen Beach Bar - Bar i restauracja nad Odr\u0105 we Wroc\u0142awiu","description":"Odkryj wyj\u0105tkowy basenowy beach bar przy urokliwej Odrze, gdzie smaki spotykaj\u0105 si\u0119, aby tworzy\u0107 harmoni\u0119. Nasze menu zachwyca r\u00f3\u017cnorodno\u015bci\u0105 potraw fusion, \u0142\u0105cz\u0105cych wp\u0142ywy kulinarnych tradycji z ca\u0142ego \u015bwiata. Przygotuj si\u0119 na eksplozj\u0119 smak\u00f3w! Oferujemy r\u00f3wnie\u017c kolorowe i kreatywne drinki, kt\u00f3re podbij\u0105 Twoje podniebienie. Rozkoszuj si\u0119 niezwyk\u0142\u0105 atmosfer\u0105, przyjaznym otoczeniem i pi\u0119knymi widokami. Przyjd\u017a do naszego beach baru przy i do\u015bwiadcz niezapomnianej podr\u00f3\u017cy kulinarnej. Rezerwuj miejsce ju\u017c teraz!","robots":{"index":"index","follow":"follow","max-snippet":"max-snippet:-1","max-image-preview":"max-image-preview:large","max-video-preview":"max-video-preview:-1"},"canonical":"https:\/\/www.basenbeachbar.com\/es\/menu\/","og_locale":"es_ES","og_type":"article","og_title":"Menu","og_description":"Odkryj wyj\u0105tkowy basenowy beach bar przy urokliwej Odrze, gdzie smaki spotykaj\u0105 si\u0119, aby tworzy\u0107 harmoni\u0119. Nasze menu zachwyca r\u00f3\u017cnorodno\u015bci\u0105 potraw fusion, \u0142\u0105cz\u0105cych wp\u0142ywy kulinarnych tradycji z ca\u0142ego \u015bwiata. Przygotuj si\u0119 na eksplozj\u0119 smak\u00f3w! Oferujemy r\u00f3wnie\u017c kolorowe i kreatywne drinki, kt\u00f3re podbij\u0105 Twoje podniebienie. Rozkoszuj si\u0119 niezwyk\u0142\u0105 atmosfer\u0105, przyjaznym otoczeniem i pi\u0119knymi widokami. Przyjd\u017a do naszego beach baru przy i do\u015bwiadcz niezapomnianej podr\u00f3\u017cy kulinarnej. Rezerwuj miejsce ju\u017c teraz!","og_url":"https:\/\/www.basenbeachbar.com\/es\/menu\/","og_site_name":"Basen Beach Bar - Bar i restauracja nad Odr\u0105 we Wroc\u0142awiu","article_publisher":"https:\/\/www.facebook.com\/BASENBeachBar\/","article_modified_time":"2023-06-20T10:04:50+00:00","og_image":[{"width":1024,"height":565,"url":"https:\/\/www.basenbeachbar.com\/wp-content\/uploads\/2023\/05\/screen-strony-www-1024x565.png","type":"image\/png"}],"twitter_card":"summary_large_image","schema":{"@context":"https:\/\/schema.org","@graph":[{"@type":"WebPage","@id":"https:\/\/www.basenbeachbar.com\/menu\/","url":"https:\/\/www.basenbeachbar.com\/menu\/","name":"Menu &#8226; Basen Beach Bar - Bar i restauracja nad Odr\u0105 we Wroc\u0142awiu","isPartOf":{"@id":"https:\/\/www.basenbeachbar.com\/#website"},"datePublished":"2023-02-21T15:46:06+00:00","dateModified":"2023-06-20T10:04:50+00:00","description":"Odkryj wyj\u0105tkowy basenowy beach bar przy urokliwej Odrze, gdzie smaki spotykaj\u0105 si\u0119, aby tworzy\u0107 harmoni\u0119. Nasze menu zachwyca r\u00f3\u017cnorodno\u015bci\u0105 potraw fusion, \u0142\u0105cz\u0105cych wp\u0142ywy kulinarnych tradycji z ca\u0142ego \u015bwiata. Przygotuj si\u0119 na eksplozj\u0119 smak\u00f3w! Oferujemy r\u00f3wnie\u017c kolorowe i kreatywne drinki, kt\u00f3re podbij\u0105 Twoje podniebienie. Rozkoszuj si\u0119 niezwyk\u0142\u0105 atmosfer\u0105, przyjaznym otoczeniem i pi\u0119knymi widokami. Przyjd\u017a do naszego beach baru przy i do\u015bwiadcz niezapomnianej podr\u00f3\u017cy kulinarnej. Rezerwuj miejsce ju\u017c teraz!","breadcrumb":{"@id":"https:\/\/www.basenbeachbar.com\/menu\/#breadcrumb"},"inLanguage":"es","potentialAction":[{"@type":"ReadAction","target":["https:\/\/www.basenbeachbar.com\/menu\/"]}]},{"@type":"BreadcrumbList","@id":"https:\/\/www.basenbeachbar.com\/menu\/#breadcrumb","itemListElement":[{"@type":"ListItem","position":1,"name":"Strona g\u0142\u00f3wna","item":"https:\/\/www.basenbeachbar.com\/"},{"@type":"ListItem","position":2,"name":"Menu"}]},{"@type":"WebSite","@id":"https:\/\/www.basenbeachbar.com\/#website","url":"https:\/\/www.basenbeachbar.com\/","name":"Basen Beach Bar - Bar y restaurante a orillas del r\u00edo Oder en Wroc\u0142aw","description":"Chiringuito en el r\u00edo Oder en Wroc\u0142aw","publisher":{"@id":"https:\/\/www.basenbeachbar.com\/#organization"},"alternateName":"Basen Beach Bar - Bar nad Odr\u0105","potentialAction":[{"@type":"SearchAction","target":{"@type":"EntryPoint","urlTemplate":"https:\/\/www.basenbeachbar.com\/?s={search_term_string}"},"query-input":{"@type":"PropertyValueSpecification","valueRequired":true,"valueName":"search_term_string"}}],"inLanguage":"es"},{"@type":"Organization","@id":"https:\/\/www.basenbeachbar.com\/#organization","name":"Basen Beach Bar","url":"https:\/\/www.basenbeachbar.com\/","logo":{"@type":"ImageObject","inLanguage":"es","@id":"https:\/\/www.basenbeachbar.com\/#\/schema\/logo\/image\/","url":"http:\/\/www.basenbeachbar.com\/wp-content\/uploads\/2023\/04\/cropped-basen_logo_rose.png","contentUrl":"http:\/\/www.basenbeachbar.com\/wp-content\/uploads\/2023\/04\/cropped-basen_logo_rose.png","width":512,"height":512,"caption":"Basen Beach Bar"},"image":{"@id":"https:\/\/www.basenbeachbar.com\/#\/schema\/logo\/image\/"},"sameAs":["https:\/\/www.facebook.com\/BASENBeachBar\/","https:\/\/www.instagram.com\/basenbeachbar\/"]}]}},"_links":{"self":[{"href":"https:\/\/www.basenbeachbar.com\/es\/wp-json\/wp\/v2\/pages\/27","targetHints":{"allow":["GET"]}}],"collection":[{"href":"https:\/\/www.basenbeachbar.com\/es\/wp-json\/wp\/v2\/pages"}],"about":[{"href":"https:\/\/www.basenbeachbar.com\/es\/wp-json\/wp\/v2\/types\/page"}],"author":[{"embeddable":true,"href":"https:\/\/www.basenbeachbar.com\/es\/wp-json\/wp\/v2\/users\/1"}],"replies":[{"embeddable":true,"href":"https:\/\/www.basenbeachbar.com\/es\/wp-json\/wp\/v2\/comments?post=27"}],"version-history":[{"count":0,"href":"https:\/\/www.basenbeachbar.com\/es\/wp-json\/wp\/v2\/pages\/27\/revisions"}],"wp:attachment":[{"href":"https:\/\/www.basenbeachbar.com\/es\/wp-json\/wp\/v2\/media?parent=27"}],"curies":[{"name":"wp","href":"https:\/\/api.w.org\/{rel}","templated":true}]}}