{"id":454,"date":"2024-06-06T13:33:17","date_gmt":"2024-06-06T11:33:17","guid":{"rendered":"https:\/\/www.basenbeachbar.com\/?page_id=454"},"modified":"2024-06-06T13:36:32","modified_gmt":"2024-06-06T11:36:32","slug":"basen-beach-bar-wroclaw","status":"publish","type":"page","link":"https:\/\/www.basenbeachbar.com\/en\/","title":{"rendered":"Basen Beach Bar Wroclaw"},"content":{"rendered":"","protected":false},"excerpt":{"rendered":"","protected":false},"author":1,"featured_media":297,"parent":0,"menu_order":0,"comment_status":"closed","ping_status":"closed","template":"","meta":{"footnotes":""},"class_list":["post-454","page","type-page","status-publish","has-post-thumbnail","hentry"],"yoast_head":"<!-- This site is optimized with the Yoast SEO Premium plugin v20.7 (Yoast SEO v25.9) - https:\/\/yoast.com\/wordpress\/plugins\/seo\/ -->\n<title>Basen Beach Bar Wroc\u0142aw &#8226; Basen Beach Bar - Bar i restauracja nad Odr\u0105 we Wroc\u0142awiu<\/title>\n<meta name=\"description\" content=\"Basen beach bar po\u0142o\u017cony jest tu\u017c przy Starej Odrze, powsta\u0142 z my\u015bl\u0105 o stworzeniu miejsca, gdzie mieszka\u0144cy Wroc\u0142awia b\u0119d\u0105 mogli znale\u017a\u0107 ukojenie od miejskiego otoczenia na \u0142onie natury i zintegrowa\u0107 si\u0119 wok\u00f3\u0142 Odry, kt\u00f3ra jest tak wa\u017cnym elementem naszego miasta. Kolejnym naszym za\u0142o\u017ceniem jest tw\u00f3rcza ingerencja w tkank\u0119 miejsk\u0105, postawili\u015bmy na projekty edukacyjne, rekreacyjne i rozrywkowe.\" \/>\n<meta name=\"robots\" content=\"index, follow, max-snippet:-1, max-image-preview:large, max-video-preview:-1\" \/>\n<link rel=\"canonical\" href=\"https:\/\/www.basenbeachbar.com\/en\/\" \/>\n<meta property=\"og:locale\" content=\"en_GB\" \/>\n<meta property=\"og:type\" content=\"article\" \/>\n<meta property=\"og:title\" content=\"Basen Beach Bar Wroc\u0142aw\" \/>\n<meta property=\"og:description\" content=\"Basen beach bar po\u0142o\u017cony jest tu\u017c przy Starej Odrze, powsta\u0142 z my\u015bl\u0105 o stworzeniu miejsca, gdzie mieszka\u0144cy Wroc\u0142awia b\u0119d\u0105 mogli znale\u017a\u0107 ukojenie od miejskiego otoczenia na \u0142onie natury i zintegrowa\u0107 si\u0119 wok\u00f3\u0142 Odry, kt\u00f3ra jest tak wa\u017cnym elementem naszego miasta. Kolejnym naszym za\u0142o\u017ceniem jest tw\u00f3rcza ingerencja w tkank\u0119 miejsk\u0105, postawili\u015bmy na projekty edukacyjne, rekreacyjne i rozrywkowe.\" \/>\n<meta property=\"og:url\" content=\"https:\/\/www.basenbeachbar.com\/en\/\" \/>\n<meta property=\"og:site_name\" content=\"Basen Beach Bar - Bar i restauracja nad Odr\u0105 we Wroc\u0142awiu\" \/>\n<meta property=\"article:publisher\" content=\"https:\/\/www.facebook.com\/BASENBeachBar\/\" \/>\n<meta property=\"article:modified_time\" content=\"2024-06-06T11:36:32+00:00\" \/>\n<meta property=\"og:image\" content=\"http:\/\/www.basenbeachbar.com\/wp-content\/uploads\/2023\/05\/screen-strony-www-1024x565.png\" \/>\n\t<meta property=\"og:image:width\" content=\"1024\" \/>\n\t<meta property=\"og:image:height\" content=\"565\" \/>\n\t<meta property=\"og:image:type\" content=\"image\/png\" \/>\n<meta name=\"twitter:card\" content=\"summary_large_image\" \/>\n<meta name=\"twitter:label1\" content=\"Estimated reading time\" \/>\n\t<meta name=\"twitter:data1\" content=\"1 minute\" \/>\n<script type=\"application\/ld+json\" class=\"yoast-schema-graph\">{\"@context\":\"https:\/\/schema.org\",\"@graph\":[{\"@type\":\"WebPage\",\"@id\":\"https:\/\/www.basenbeachbar.com\/\",\"url\":\"https:\/\/www.basenbeachbar.com\/\",\"name\":\"Basen Beach Bar Wroc\u0142aw &#8226; Basen Beach Bar - Bar i restauracja nad Odr\u0105 we Wroc\u0142awiu\",\"isPartOf\":{\"@id\":\"https:\/\/www.basenbeachbar.com\/#website\"},\"primaryImageOfPage\":{\"@id\":\"https:\/\/www.basenbeachbar.com\/#primaryimage\"},\"image\":{\"@id\":\"https:\/\/www.basenbeachbar.com\/#primaryimage\"},\"thumbnailUrl\":\"https:\/\/www.basenbeachbar.com\/wp-content\/uploads\/2023\/05\/screen-strony-www.png\",\"datePublished\":\"2024-06-06T11:33:17+00:00\",\"dateModified\":\"2024-06-06T11:36:32+00:00\",\"description\":\"Basen beach bar po\u0142o\u017cony jest tu\u017c przy Starej Odrze, powsta\u0142 z my\u015bl\u0105 o stworzeniu miejsca, gdzie mieszka\u0144cy Wroc\u0142awia b\u0119d\u0105 mogli znale\u017a\u0107 ukojenie od miejskiego otoczenia na \u0142onie natury i zintegrowa\u0107 si\u0119 wok\u00f3\u0142 Odry, kt\u00f3ra jest tak wa\u017cnym elementem naszego miasta. Kolejnym naszym za\u0142o\u017ceniem jest tw\u00f3rcza ingerencja w tkank\u0119 miejsk\u0105, postawili\u015bmy na projekty edukacyjne, rekreacyjne i rozrywkowe.\",\"breadcrumb\":{\"@id\":\"https:\/\/www.basenbeachbar.com\/#breadcrumb\"},\"inLanguage\":\"en-GB\",\"potentialAction\":[{\"@type\":\"ReadAction\",\"target\":[\"https:\/\/www.basenbeachbar.com\/\"]}]},{\"@type\":\"ImageObject\",\"inLanguage\":\"en-GB\",\"@id\":\"https:\/\/www.basenbeachbar.com\/#primaryimage\",\"url\":\"https:\/\/www.basenbeachbar.com\/wp-content\/uploads\/2023\/05\/screen-strony-www.png\",\"contentUrl\":\"https:\/\/www.basenbeachbar.com\/wp-content\/uploads\/2023\/05\/screen-strony-www.png\",\"width\":2880,\"height\":1588},{\"@type\":\"BreadcrumbList\",\"@id\":\"https:\/\/www.basenbeachbar.com\/#breadcrumb\",\"itemListElement\":[{\"@type\":\"ListItem\",\"position\":1,\"name\":\"Strona g\u0142\u00f3wna\",\"item\":\"https:\/\/www.basenbeachbar.com\/\"},{\"@type\":\"ListItem\",\"position\":2,\"name\":\"Basen Beach Bar Wroc\u0142aw\"}]},{\"@type\":\"WebSite\",\"@id\":\"https:\/\/www.basenbeachbar.com\/#website\",\"url\":\"https:\/\/www.basenbeachbar.com\/\",\"name\":\"Basen Beach Bar - Bar i restauracja nad Odr\u0105 we Wroc\u0142awiu\",\"description\":\"Beach Bar nad Odr\u0105 we Wroc\u0142awiu\",\"publisher\":{\"@id\":\"https:\/\/www.basenbeachbar.com\/#organization\"},\"alternateName\":\"Basen Beach Bar - Bar nad Odr\u0105\",\"potentialAction\":[{\"@type\":\"SearchAction\",\"target\":{\"@type\":\"EntryPoint\",\"urlTemplate\":\"https:\/\/www.basenbeachbar.com\/?s={search_term_string}\"},\"query-input\":{\"@type\":\"PropertyValueSpecification\",\"valueRequired\":true,\"valueName\":\"search_term_string\"}}],\"inLanguage\":\"en-GB\"},{\"@type\":\"Organization\",\"@id\":\"https:\/\/www.basenbeachbar.com\/#organization\",\"name\":\"Basen Beach Bar\",\"url\":\"https:\/\/www.basenbeachbar.com\/\",\"logo\":{\"@type\":\"ImageObject\",\"inLanguage\":\"en-GB\",\"@id\":\"https:\/\/www.basenbeachbar.com\/#\/schema\/logo\/image\/\",\"url\":\"http:\/\/www.basenbeachbar.com\/wp-content\/uploads\/2023\/04\/cropped-basen_logo_rose.png\",\"contentUrl\":\"http:\/\/www.basenbeachbar.com\/wp-content\/uploads\/2023\/04\/cropped-basen_logo_rose.png\",\"width\":512,\"height\":512,\"caption\":\"Basen Beach Bar\"},\"image\":{\"@id\":\"https:\/\/www.basenbeachbar.com\/#\/schema\/logo\/image\/\"},\"sameAs\":[\"https:\/\/www.facebook.com\/BASENBeachBar\/\",\"https:\/\/www.instagram.com\/basenbeachbar\/\"]}]}<\/script>\n<!-- \/ Yoast SEO Premium plugin. -->","yoast_head_json":{"title":"Basen Beach Bar Wroc\u0142aw - Basen Beach Bar - Bar and Restaurant on the Oder River in Wroc\u0142aw","description":"Situated right next to the Old Oder River, the beach bar was created with the idea of creating a place where the people of Wroc\u0142aw could find solace from their urban surroundings in nature and integrate around the Oder, which is such an important element of our city. Another of our objectives is to creatively intervene in the urban fabric; we have focused on educational, recreational and entertainment projects.","robots":{"index":"index","follow":"follow","max-snippet":"max-snippet:-1","max-image-preview":"max-image-preview:large","max-video-preview":"max-video-preview:-1"},"canonical":"https:\/\/www.basenbeachbar.com\/en\/","og_locale":"en_GB","og_type":"article","og_title":"Basen Beach Bar Wroc\u0142aw","og_description":"Basen beach bar po\u0142o\u017cony jest tu\u017c przy Starej Odrze, powsta\u0142 z my\u015bl\u0105 o stworzeniu miejsca, gdzie mieszka\u0144cy Wroc\u0142awia b\u0119d\u0105 mogli znale\u017a\u0107 ukojenie od miejskiego otoczenia na \u0142onie natury i zintegrowa\u0107 si\u0119 wok\u00f3\u0142 Odry, kt\u00f3ra jest tak wa\u017cnym elementem naszego miasta. Kolejnym naszym za\u0142o\u017ceniem jest tw\u00f3rcza ingerencja w tkank\u0119 miejsk\u0105, postawili\u015bmy na projekty edukacyjne, rekreacyjne i rozrywkowe.","og_url":"https:\/\/www.basenbeachbar.com\/en\/","og_site_name":"Basen Beach Bar - Bar i restauracja nad Odr\u0105 we Wroc\u0142awiu","article_publisher":"https:\/\/www.facebook.com\/BASENBeachBar\/","article_modified_time":"2024-06-06T11:36:32+00:00","og_image":[{"width":1024,"height":565,"url":"http:\/\/www.basenbeachbar.com\/wp-content\/uploads\/2023\/05\/screen-strony-www-1024x565.png","type":"image\/png"}],"twitter_card":"summary_large_image","twitter_misc":{"Estimated reading time":"1 minute"},"schema":{"@context":"https:\/\/schema.org","@graph":[{"@type":"WebPage","@id":"https:\/\/www.basenbeachbar.com\/","url":"https:\/\/www.basenbeachbar.com\/","name":"Basen Beach Bar Wroc\u0142aw - Basen Beach Bar - Bar and Restaurant on the Oder River in Wroc\u0142aw","isPartOf":{"@id":"https:\/\/www.basenbeachbar.com\/#website"},"primaryImageOfPage":{"@id":"https:\/\/www.basenbeachbar.com\/#primaryimage"},"image":{"@id":"https:\/\/www.basenbeachbar.com\/#primaryimage"},"thumbnailUrl":"https:\/\/www.basenbeachbar.com\/wp-content\/uploads\/2023\/05\/screen-strony-www.png","datePublished":"2024-06-06T11:33:17+00:00","dateModified":"2024-06-06T11:36:32+00:00","description":"Situated right next to the Old Oder River, the beach bar was created with the idea of creating a place where the people of Wroc\u0142aw could find solace from their urban surroundings in nature and integrate around the Oder, which is such an important element of our city. Another of our objectives is to creatively intervene in the urban fabric; we have focused on educational, recreational and entertainment projects.","breadcrumb":{"@id":"https:\/\/www.basenbeachbar.com\/#breadcrumb"},"inLanguage":"en-GB","potentialAction":[{"@type":"ReadAction","target":["https:\/\/www.basenbeachbar.com\/"]}]},{"@type":"ImageObject","inLanguage":"en-GB","@id":"https:\/\/www.basenbeachbar.com\/#primaryimage","url":"https:\/\/www.basenbeachbar.com\/wp-content\/uploads\/2023\/05\/screen-strony-www.png","contentUrl":"https:\/\/www.basenbeachbar.com\/wp-content\/uploads\/2023\/05\/screen-strony-www.png","width":2880,"height":1588},{"@type":"BreadcrumbList","@id":"https:\/\/www.basenbeachbar.com\/#breadcrumb","itemListElement":[{"@type":"ListItem","position":1,"name":"Strona g\u0142\u00f3wna","item":"https:\/\/www.basenbeachbar.com\/"},{"@type":"ListItem","position":2,"name":"Basen Beach Bar Wroc\u0142aw"}]},{"@type":"WebSite","@id":"https:\/\/www.basenbeachbar.com\/#website","url":"https:\/\/www.basenbeachbar.com\/","name":"Basen Beach Bar - Bar and Restaurant on the Oder River in Wroc\u0142aw","description":"Beach Bar on the Oder River in Wroc\u0142aw","publisher":{"@id":"https:\/\/www.basenbeachbar.com\/#organization"},"alternateName":"Basen Beach Bar - Bar nad Odr\u0105","potentialAction":[{"@type":"SearchAction","target":{"@type":"EntryPoint","urlTemplate":"https:\/\/www.basenbeachbar.com\/?s={search_term_string}"},"query-input":{"@type":"PropertyValueSpecification","valueRequired":true,"valueName":"search_term_string"}}],"inLanguage":"en-GB"},{"@type":"Organization","@id":"https:\/\/www.basenbeachbar.com\/#organization","name":"Basen Beach Bar","url":"https:\/\/www.basenbeachbar.com\/","logo":{"@type":"ImageObject","inLanguage":"en-GB","@id":"https:\/\/www.basenbeachbar.com\/#\/schema\/logo\/image\/","url":"http:\/\/www.basenbeachbar.com\/wp-content\/uploads\/2023\/04\/cropped-basen_logo_rose.png","contentUrl":"http:\/\/www.basenbeachbar.com\/wp-content\/uploads\/2023\/04\/cropped-basen_logo_rose.png","width":512,"height":512,"caption":"Basen Beach Bar"},"image":{"@id":"https:\/\/www.basenbeachbar.com\/#\/schema\/logo\/image\/"},"sameAs":["https:\/\/www.facebook.com\/BASENBeachBar\/","https:\/\/www.instagram.com\/basenbeachbar\/"]}]}},"_links":{"self":[{"href":"https:\/\/www.basenbeachbar.com\/en\/wp-json\/wp\/v2\/pages\/454","targetHints":{"allow":["GET"]}}],"collection":[{"href":"https:\/\/www.basenbeachbar.com\/en\/wp-json\/wp\/v2\/pages"}],"about":[{"href":"https:\/\/www.basenbeachbar.com\/en\/wp-json\/wp\/v2\/types\/page"}],"author":[{"embeddable":true,"href":"https:\/\/www.basenbeachbar.com\/en\/wp-json\/wp\/v2\/users\/1"}],"replies":[{"embeddable":true,"href":"https:\/\/www.basenbeachbar.com\/en\/wp-json\/wp\/v2\/comments?post=454"}],"version-history":[{"count":0,"href":"https:\/\/www.basenbeachbar.com\/en\/wp-json\/wp\/v2\/pages\/454\/revisions"}],"wp:featuredmedia":[{"embeddable":true,"href":"https:\/\/www.basenbeachbar.com\/en\/wp-json\/wp\/v2\/media\/297"}],"wp:attachment":[{"href":"https:\/\/www.basenbeachbar.com\/en\/wp-json\/wp\/v2\/media?parent=454"}],"curies":[{"name":"wp","href":"https:\/\/api.w.org\/{rel}","templated":true}]}}